{"id":5,"date":"2016-05-22T17:08:54","date_gmt":"2016-05-22T17:08:54","guid":{"rendered":"https:\/\/www.huus-laeggerli.ch\/?page_id=5"},"modified":"2022-06-19T15:54:59","modified_gmt":"2022-06-19T13:54:59","slug":"ferienhaus","status":"publish","type":"page","link":"https:\/\/www.huus-laeggerli.ch\/?page_id=5","title":{"rendered":"Ferienhaus"},"content":{"rendered":"<section class=\"av_textblock_section \"  itemscope=\"itemscope\" itemtype=\"https:\/\/schema.org\/CreativeWork\" ><div class='avia_textblock  '  style='font-size:25px; '  itemprop=\"text\" ><ul>\n<li>Auf der Suche nach Erholung?<br \/>\nDas bietet unser grossz\u00fcgiges Ferienhaus (150m2). Bestens geeignet f\u00fcr Ihren Generationenurlaub, f\u00fcr eine Grossfamilie oder f\u00fcr zwei Familien.<\/li>\n<li>In der grossz\u00fcgigen K\u00fcche ist von A bis Z allesvorhanden. Die Kochinsel erm\u00f6glicht gemeinsames Zubereiten von Speisen. Das grosse Sofa im gem\u00fctlich eingerichteten Wohnzimmer ladet zum Verweilen ein. Auf dem sch\u00f6nen Balkon k\u00f6nnen Sie ihr Nachtessen vom Grill bei einem sch\u00f6nen Sonnenuntergang geniessen. In den drei Badezimmer l\u00e4sst es sich wunderbar entspannen.<\/li>\n<li>Gen\u00fcgend R\u00fcckzugsm\u00f6glichkeiten bieten die drei Schlafzimmer. Das Zimmer im UG hat einen<br \/>\ndirekten Ausgang zum gedeckten Sitzplatz. Das Kinderzimmer hat eine Spielecke mit Lego, Duplo, Holzeisenbahn usw.<br \/>\nWie w\u00e4re es mit einem Spiel am Fussball Kasten oder beim Tischtennis?<br \/>\nDas Ferienhaus verf\u00fcgt \u00fcber einen sch\u00f6nen Garten mit lauschigen Pl\u00e4tzen und zwei gedeckten<br \/>\nSitzpl\u00e4tzen. W\u00e4hrend ihre Kinder spielen k\u00f6nnen Sie sich in den Liegest\u00fchlen ausruhen.<br \/>\nDrei gedeckte Parkpl\u00e4tze f\u00fcr Autos oder Fahrr\u00e4der sch\u00fctzen vor K\u00e4lte oder Hitze. Mit Aussensteckdosen um Ihre E Bike direkt zu laden. Dazu produzieren wir unseren Strom selber.<\/li>\n<li>Das Ferienhaus befindet sich an ruhiger Lage in nur 200m sind sie im Wald. Hier beginnen sch\u00f6ne Wanderungen. Den nahegelegenen Schluchsee und das Freibad (Auqa fun) erreichen sie in 500m. Ins Dorf mit guten Einkaufsm\u00f6glichkeiten und Restaurants sind es 600m. Der sch\u00f6ne Kinderspielplatz im Park ist nur 300m entfernt.<br \/>\nAlles perfekt f\u00fcr Ihren n\u00e4chsten erholsamen Urlaub. Wir freuen uns auf Ihre Anfrage. Wir sind gerne f\u00fcr Sie da.<\/li>\n<\/ul>\n<\/div><\/section>\n","protected":false},"excerpt":{"rendered":"","protected":false},"author":1,"featured_media":0,"parent":0,"menu_order":0,"comment_status":"closed","ping_status":"closed","template":"","meta":{"jetpack_post_was_ever_published":false,"footnotes":""},"class_list":["post-5","page","type-page","status-publish","hentry"],"jetpack_sharing_enabled":true,"jetpack_shortlink":"https:\/\/wp.me\/P7dFBX-5","_links":{"self":[{"href":"https:\/\/www.huus-laeggerli.ch\/index.php?rest_route=\/wp\/v2\/pages\/5","targetHints":{"allow":["GET"]}}],"collection":[{"href":"https:\/\/www.huus-laeggerli.ch\/index.php?rest_route=\/wp\/v2\/pages"}],"about":[{"href":"https:\/\/www.huus-laeggerli.ch\/index.php?rest_route=\/wp\/v2\/types\/page"}],"author":[{"embeddable":true,"href":"https:\/\/www.huus-laeggerli.ch\/index.php?rest_route=\/wp\/v2\/users\/1"}],"replies":[{"embeddable":true,"href":"https:\/\/www.huus-laeggerli.ch\/index.php?rest_route=%2Fwp%2Fv2%2Fcomments&post=5"}],"version-history":[{"count":29,"href":"https:\/\/www.huus-laeggerli.ch\/index.php?rest_route=\/wp\/v2\/pages\/5\/revisions"}],"predecessor-version":[{"id":494,"href":"https:\/\/www.huus-laeggerli.ch\/index.php?rest_route=\/wp\/v2\/pages\/5\/revisions\/494"}],"wp:attachment":[{"href":"https:\/\/www.huus-laeggerli.ch\/index.php?rest_route=%2Fwp%2Fv2%2Fmedia&parent=5"}],"curies":[{"name":"wp","href":"https:\/\/api.w.org\/{rel}","templated":true}]}}